{"id":7,"date":"2021-02-17T08:52:12","date_gmt":"2021-02-17T08:52:12","guid":{"rendered":"https:\/\/www.vs-advies.nl\/inspectie\/home\/"},"modified":"2025-12-11T12:15:10","modified_gmt":"2025-12-11T12:15:10","slug":"home","status":"publish","type":"page","link":"https:\/\/www.vs-advies.nl\/inspectie\/","title":{"rendered":"Home"},"content":{"rendered":"<div class=\"wpb-content-wrapper\">[vc_row full_width=&#8221;stretch_row&#8221; remove_bottom_col_margin=&#8221;true&#8221; css=&#8221;.vc_custom_1561038688312{padding-top: 150px !important;padding-bottom: 100px !important;background-image: url(https:\/\/www.vs-advies.nl\/wp-content\/uploads\/2019\/03\/testvisual2.jpg?id=201) !important;background-position: center !important;background-repeat: no-repeat !important;background-size: cover !important;}&#8221;][vc_column][vc_row_inner][vc_column_inner width=&#8221;1\/4&#8243;][\/vc_column_inner][vc_column_inner width=&#8221;1\/2&#8243;][vc_btn title=&#8221;Vrijblijvende offerte aanvragen&#8221; size=&#8221;lg&#8221; align=&#8221;center&#8221; css_animation=&#8221;fadeInUp&#8221; button_block=&#8221;true&#8221; link=&#8221;url:https%3A%2F%2Fwww.vs-advies.nl%2Finspectie%2Fofferte%2F|title:Offerte||&#8221; el_class=&#8221;white-button-full&#8221;][\/vc_column_inner][vc_column_inner width=&#8221;1\/4&#8243;][\/vc_column_inner][\/vc_row_inner][vc_row_inner css=&#8221;.vc_custom_1562574930309{margin-top: 15px !important;}&#8221;][vc_column_inner][vc_column_text text_align=&#8221;center&#8221;]<span style=\"font-size: 28px;\"><strong><span style=\"color: #086733;\">Consider it done!<\/span><\/strong><\/span>[\/vc_column_text][\/vc_column_inner][\/vc_row_inner][\/vc_column][\/vc_row][vc_row full_width=&#8221;stretch_row&#8221; css=&#8221;.vc_custom_1563264167594{margin-bottom: 70px !important;padding-top: 70px !important;padding-bottom: 20px !important;background-color: #f4f3f4 !important;}&#8221; el_class=&#8221;services&#8221;][vc_column][vc_column_text text_align=&#8221;center&#8221;]\n<h2>Onze diensten<\/h2>\n[\/vc_column_text][vc_row_inner css=&#8221;.vc_custom_1553782242884{margin-top: 50px !important;}&#8221;][vc_column_inner el_class=&#8221;inventory&#8221; width=&#8221;1\/3&#8243;][vc_single_image image=&#8221;119&#8243; alignment=&#8221;center&#8221; onclick=&#8221;custom_link&#8221; css=&#8221;.vc_custom_1765455267225{margin-bottom: 45px !important;}&#8221; link=&#8221;https:\/\/www.vs-advies.nl\/inspectie\/vocht-onderzoek\/&#8221;][vc_column_text text_align=&#8221;center&#8221;]\n<h4><a href=\"\/inspectie\/vocht-onderzoek\/\">Vocht in huis<\/a><\/h4>\n<p>Vocht in huis is een veel voorkomend probleem in Nederland.[\/vc_column_text][\/vc_column_inner][vc_column_inner el_class=&#8221;corporation&#8221; width=&#8221;1\/3&#8243;][vc_single_image image=&#8221;120&#8243; alignment=&#8221;center&#8221; onclick=&#8221;custom_link&#8221; css=&#8221;.vc_custom_1765455287419{margin-bottom: 45px !important;}&#8221; link=&#8221;https:\/\/www.vs-advies.nl\/inspectie\/vocht-onderzoek\/&#8221;][vc_column_text text_align=&#8221;center&#8221;]\n<h4><a href=\"\/inspectie\/schimmel-onderzoek\/\">Schimmels<\/a><\/h4>\n<p>Schimmels maken deel uit van onze natuurlijke omgeving.[\/vc_column_text][\/vc_column_inner][vc_column_inner el_class=&#8221;calendar&#8221; width=&#8221;1\/3&#8243;][vc_single_image image=&#8221;118&#8243; alignment=&#8221;center&#8221; onclick=&#8221;custom_link&#8221; css=&#8221;.vc_custom_1765455305876{margin-bottom: 45px !important;}&#8221; link=&#8221;https:\/\/www.vs-advies.nl\/inspectie\/droogtechniek\/&#8221;][vc_column_text text_align=&#8221;center&#8221;]\n<h4><a href=\"https:\/\/www.vs-advies.nl\/inspectie\/droogtechniek\/\">Droogtechniek<\/a><\/h4>\n<p>Wanneer specialistisch drogen, en hoe werkt het?[\/vc_column_text][\/vc_column_inner][\/vc_row_inner][vc_row_inner disable_element=&#8221;yes&#8221; css=&#8221;.vc_custom_1557926923817{margin-top: 30px !important;}&#8221;][vc_column_inner el_class=&#8221;tools&#8221; width=&#8221;1\/3&#8243;][vc_raw_html css=&#8221;.vc_custom_1554296629023{margin-bottom: 35px !important;}&#8221;]JTNDYSUyMGhyZWYlM0QlMjIlMkZ2YW5zYW50ZW4lMkZhc2Jlc3RpbnZlbnRhcmlzYXRpZSUyRnRvb2xib3gtYXNiZXN0aGVya2VubmluZyUyRiUyMiUzRSUzQ2klMjBjbGFzcyUzRCUyMmZhcyUyMGZhLXRvb2xzJTIyJTNFJTNDJTJGaSUzRSUzQyUyRmElM0U=[\/vc_raw_html][vc_column_text text_align=&#8221;center&#8221;]\n<h4><a href=\"\/vansanten\/asbestinventarisatie\/toolbox-asbestherkenning\/\">Tools<\/a><\/h4>\n<p>Compact tekstje over toolbox, asbest kansenkaart en cursus asbestherkenning.[\/vc_column_text][\/vc_column_inner][vc_column_inner el_class=&#8221;emergencies&#8221; width=&#8221;1\/3&#8243;][vc_raw_html css=&#8221;.vc_custom_1554296403455{margin-bottom: 35px !important;}&#8221;]JTNDYSUyMGhyZWYlM0QlMjIlMkZ2YW5zYW50ZW4lMkZhc2Jlc3RpbnZlbnRhcmlzYXRpZSUyRmNhbGFtaXRlaXRlbmRpZW5zdCUyRiUyMiUzRSUzQ2klMjBjbGFzcyUzRCUyMmZhcyUyMGZhLWJ1bGxob3JuJTIyJTNFJTNDJTJGaSUzRSUzQyUyRmElM0U=[\/vc_raw_html][vc_column_text text_align=&#8221;center&#8221;]\n<h4><a href=\"\/vansanten\/asbestinventarisatie\/calamiteitendienst\/\">Calamiteiten<\/a><\/h4>\n<p>Compact tekstje over 24-uurs calamiteitendienst, bereikbaar via telefoonnummer <strong>015-887 11 40<\/strong>.[\/vc_column_text][\/vc_column_inner][vc_column_inner el_class=&#8221;safety&#8221; width=&#8221;1\/3&#8243;][vc_raw_html css=&#8221;.vc_custom_1554296384831{margin-bottom: 35px !important;}&#8221;]JTNDYSUyMGhyZWYlM0QlMjIlMkZ2YW5zYW50ZW4lMkZhc2Jlc3RpbnZlbnRhcmlzYXRpZSUyRmhvZ2VyLXZlaWxpZ2hlaWRza3VuZGlnZS1kaWVuc3RlbiUyRiUyMiUzRSUzQ2klMjBjbGFzcyUzRCUyMmZhcyUyMGZhLWxpZmUtcmluZyUyMiUzRSUzQyUyRmklM0UlM0MlMkZhJTNF[\/vc_raw_html][vc_column_text text_align=&#8221;center&#8221;]\n<h4><a href=\"\/vansanten\/asbestinventarisatie\/hoger-veiligheidskundige-diensten\/\">Hoger Veiligheidskundige Diensten<\/a><\/h4>\n<p>Voor een veilige werkomgeving en de duurzame inzetbaarheid van werknemers.[\/vc_column_text][\/vc_column_inner][\/vc_row_inner][\/vc_column][\/vc_row][vc_row css=&#8221;.vc_custom_1563264201171{margin-bottom: 35px !important;}&#8221;][vc_column][vc_column_text]\u00c9cht ontzorgen van onze opdrachtgevers met een compleet advies van eerste aanvraag tot en met oplevering staat bij ons hoog in het vaandel. Korte lijnen, betrokkenheid en daadkrachtig reageren \/ acteren is ons motto, vandaar onze bedrijfsspreuk: <strong>Consider it done!<\/strong><\/p>\n<p>Onder \u00e9\u00e9n dak vindt u alle expertise en ervaring voor een effici\u00ebnte, kostenbesparende en zorgvuldige voorbereiding, uitvoering en afronding van vocht- en schimmel projecten en droogtechniek. Voor woningbouwverenigingen, bedrijven en particulieren zijn we een adviseur die voor u van grote toegevoegde waarde is.<\/p>\n<p>In elke fase staan we u terzijde met praktische adviezen en actuele kennis. Daardoor heeft u geen omkijken meer naar welk detail dan ook \u00e9n u heeft de zekerheid dat u aan alle verplichtingen en wet- en regelgeving voldoet.<\/p>\n<p>Als bedrijf streven we naar een klantrelatie, waarbij we zoveel mogelijk rekening houden met uw wensen, mits dit voldoet aan wet- en regelgeving. De werkzaamheden worden onder toezicht van een bouwkundig ingenieur uitgevoerd. Daarnaast beschikken wij over het certificaat level-1 thermograaf.[\/vc_column_text][\/vc_column][\/vc_row][vc_row][vc_column][vc_separator css=&#8221;.vc_custom_1724942553336{padding-bottom: 30px !important;}&#8221;][vc_row_inner][vc_column_inner width=&#8221;1\/3&#8243;][vc_column_text]\n<h4>Vanaf oktober hebben wij officieel de stokstaartjes in Blijdorp geadopteerd<\/h4>\n<p>Met de adoptie van het stokstaartje verbindt Van Santen Advies zich aan Diergaarde Blijdorp. Via deze betrokkenheid dragen we bij aan het welzijn van de stokstaartjes, evenals aan het herstel en behoud van de natuurlijke leefomgevingen de biodiversiteit om hen heen.[\/vc_column_text][\/vc_column_inner][vc_column_inner width=&#8221;1\/3&#8243;][vc_single_image image=&#8221;1384&#8243;][\/vc_column_inner][vc_column_inner width=&#8221;1\/3&#8243;][vc_single_image image=&#8221;1382&#8243;][\/vc_column_inner][\/vc_row_inner][\/vc_column][\/vc_row]\n<\/div>","protected":false},"excerpt":{"rendered":"<p>[vc_row full_width=&#8221;stretch_row&#8221; remove_bottom_col_margin=&#8221;true&#8221; css=&#8221;.vc_custom_1561038688312{padding-top: 150px !important;padding-bottom: 100px !important;background-image: url(https:\/\/www.vs-advies.nl\/wp-content\/uploads\/2019\/03\/testvisual2.jpg?id=201) !important;background-position: center !important;background-repeat: no-repeat !important;background-size: cover !important;}&#8221;][vc_column][vc_row_inner][vc_column_inner width=&#8221;1\/4&#8243;][\/vc_column_inner][vc_column_inner width=&#8221;1\/2&#8243;][vc_btn title=&#8221;Vrijblijvende offerte aanvragen&#8221; size=&#8221;lg&#8221; align=&#8221;center&#8221; css_animation=&#8221;fadeInUp&#8221; button_block=&#8221;true&#8221; link=&#8221;url:https%3A%2F%2Fwww.vs-advies.nl%2Finspectie%2Fofferte%2F|title:Offerte||&#8221; el_class=&#8221;white-button-full&#8221;][\/vc_column_inner][vc_column_inner width=&#8221;1\/4&#8243;][\/vc_column_inner][\/vc_row_inner][vc_row_inner css=&#8221;.vc_custom_1562574930309{margin-top: 15px !important;}&#8221;][vc_column_inner][vc_column_text text_align=&#8221;center&#8221;]Consider it done![\/vc_column_text][\/vc_column_inner][\/vc_row_inner][\/vc_column][\/vc_row][vc_row full_width=&#8221;stretch_row&#8221; css=&#8221;.vc_custom_1563264167594{margin-bottom: 70px !important;padding-top: 70px !important;padding-bottom:&hellip;<\/p>\n","protected":false},"author":1,"featured_media":0,"parent":0,"menu_order":0,"comment_status":"closed","ping_status":"closed","template":"","meta":{"inline_featured_image":false,"footnotes":""},"class_list":["post-7","page","type-page","status-publish","hentry","entry","no-media"],"yoast_head":"<!-- This site is optimized with the Yoast SEO plugin v27.5 - https:\/\/yoast.com\/product\/yoast-seo-wordpress\/ -->\n<title>Van Santen Inspectie | Vocht, schimmel en droogtechniek<\/title>\n<meta name=\"description\" content=\"Op zoek naar een professional op het gebied van vocht en schimmel inspectie? Wij managen het gehele traject \u2713 Vraag vrijblijvend een offerte aan\" \/>\n<meta name=\"robots\" content=\"index, follow, max-snippet:-1, max-image-preview:large, max-video-preview:-1\" \/>\n<link rel=\"canonical\" href=\"https:\/\/www.vs-advies.nl\/inspectie\/\" \/>\n<meta property=\"og:locale\" content=\"nl_NL\" \/>\n<meta property=\"og:type\" content=\"article\" \/>\n<meta property=\"og:title\" content=\"Van Santen Inspectie | Vocht, schimmel en droogtechniek\" \/>\n<meta property=\"og:description\" content=\"Op zoek naar een professional op het gebied van vocht en schimmel inspectie? Wij managen het gehele traject \u2713 Vraag vrijblijvend een offerte aan\" \/>\n<meta property=\"og:url\" content=\"https:\/\/www.vs-advies.nl\/inspectie\/\" \/>\n<meta property=\"og:site_name\" content=\"Van Santen Inspectie\" \/>\n<meta property=\"article:modified_time\" content=\"2025-12-11T12:15:10+00:00\" \/>\n<meta name=\"twitter:card\" content=\"summary_large_image\" \/>\n<meta name=\"twitter:label1\" content=\"Geschatte leestijd\" \/>\n\t<meta name=\"twitter:data1\" content=\"2 minuten\" \/>\n<script type=\"application\/ld+json\" class=\"yoast-schema-graph\">{\"@context\":\"https:\\\/\\\/schema.org\",\"@graph\":[{\"@type\":\"WebPage\",\"@id\":\"https:\\\/\\\/www.vs-advies.nl\\\/inspectie\\\/\",\"url\":\"https:\\\/\\\/www.vs-advies.nl\\\/inspectie\\\/\",\"name\":\"Van Santen Inspectie | Vocht, schimmel en droogtechniek\",\"isPartOf\":{\"@id\":\"https:\\\/\\\/www.vs-advies.nl\\\/inspectie\\\/#website\"},\"datePublished\":\"2021-02-17T08:52:12+00:00\",\"dateModified\":\"2025-12-11T12:15:10+00:00\",\"description\":\"Op zoek naar een professional op het gebied van vocht en schimmel inspectie? Wij managen het gehele traject \u2713 Vraag vrijblijvend een offerte aan\",\"breadcrumb\":{\"@id\":\"https:\\\/\\\/www.vs-advies.nl\\\/inspectie\\\/#breadcrumb\"},\"inLanguage\":\"nl-NL\",\"potentialAction\":[{\"@type\":\"ReadAction\",\"target\":[\"https:\\\/\\\/www.vs-advies.nl\\\/inspectie\\\/\"]}]},{\"@type\":\"BreadcrumbList\",\"@id\":\"https:\\\/\\\/www.vs-advies.nl\\\/inspectie\\\/#breadcrumb\",\"itemListElement\":[{\"@type\":\"ListItem\",\"position\":1,\"name\":\"Home\",\"item\":\"https:\\\/\\\/www.vs-advies.nl\\\/inspectie\\\/\"},{\"@type\":\"ListItem\",\"position\":2,\"name\":\"Home\"}]},{\"@type\":\"WebSite\",\"@id\":\"https:\\\/\\\/www.vs-advies.nl\\\/inspectie\\\/#website\",\"url\":\"https:\\\/\\\/www.vs-advies.nl\\\/inspectie\\\/\",\"name\":\"Van Santen Inspectie\",\"description\":\"Een andere Van Santen Advies site\",\"publisher\":{\"@id\":\"https:\\\/\\\/www.vs-advies.nl\\\/inspectie\\\/#organization\"},\"potentialAction\":[{\"@type\":\"SearchAction\",\"target\":{\"@type\":\"EntryPoint\",\"urlTemplate\":\"https:\\\/\\\/www.vs-advies.nl\\\/inspectie\\\/?s={search_term_string}\"},\"query-input\":{\"@type\":\"PropertyValueSpecification\",\"valueRequired\":true,\"valueName\":\"search_term_string\"}}],\"inLanguage\":\"nl-NL\"},{\"@type\":\"Organization\",\"@id\":\"https:\\\/\\\/www.vs-advies.nl\\\/inspectie\\\/#organization\",\"name\":\"Van Santen Inspectie\",\"url\":\"https:\\\/\\\/www.vs-advies.nl\\\/inspectie\\\/\",\"logo\":{\"@type\":\"ImageObject\",\"inLanguage\":\"nl-NL\",\"@id\":\"https:\\\/\\\/www.vs-advies.nl\\\/inspectie\\\/#\\\/schema\\\/logo\\\/image\\\/\",\"url\":\"https:\\\/\\\/www.vs-advies.nl\\\/inspectie\\\/wp-content\\\/uploads\\\/sites\\\/2\\\/2021\\\/02\\\/VSI_Logo-01PNG.png\",\"contentUrl\":\"https:\\\/\\\/www.vs-advies.nl\\\/inspectie\\\/wp-content\\\/uploads\\\/sites\\\/2\\\/2021\\\/02\\\/VSI_Logo-01PNG.png\",\"width\":3950,\"height\":1292,\"caption\":\"Van Santen Inspectie\"},\"image\":{\"@id\":\"https:\\\/\\\/www.vs-advies.nl\\\/inspectie\\\/#\\\/schema\\\/logo\\\/image\\\/\"}}]}<\/script>\n<!-- \/ Yoast SEO plugin. -->","yoast_head_json":{"title":"Van Santen Inspectie | Vocht, schimmel en droogtechniek","description":"Op zoek naar een professional op het gebied van vocht en schimmel inspectie? Wij managen het gehele traject \u2713 Vraag vrijblijvend een offerte aan","robots":{"index":"index","follow":"follow","max-snippet":"max-snippet:-1","max-image-preview":"max-image-preview:large","max-video-preview":"max-video-preview:-1"},"canonical":"https:\/\/www.vs-advies.nl\/inspectie\/","og_locale":"nl_NL","og_type":"article","og_title":"Van Santen Inspectie | Vocht, schimmel en droogtechniek","og_description":"Op zoek naar een professional op het gebied van vocht en schimmel inspectie? Wij managen het gehele traject \u2713 Vraag vrijblijvend een offerte aan","og_url":"https:\/\/www.vs-advies.nl\/inspectie\/","og_site_name":"Van Santen Inspectie","article_modified_time":"2025-12-11T12:15:10+00:00","twitter_card":"summary_large_image","twitter_misc":{"Geschatte leestijd":"2 minuten"},"schema":{"@context":"https:\/\/schema.org","@graph":[{"@type":"WebPage","@id":"https:\/\/www.vs-advies.nl\/inspectie\/","url":"https:\/\/www.vs-advies.nl\/inspectie\/","name":"Van Santen Inspectie | Vocht, schimmel en droogtechniek","isPartOf":{"@id":"https:\/\/www.vs-advies.nl\/inspectie\/#website"},"datePublished":"2021-02-17T08:52:12+00:00","dateModified":"2025-12-11T12:15:10+00:00","description":"Op zoek naar een professional op het gebied van vocht en schimmel inspectie? Wij managen het gehele traject \u2713 Vraag vrijblijvend een offerte aan","breadcrumb":{"@id":"https:\/\/www.vs-advies.nl\/inspectie\/#breadcrumb"},"inLanguage":"nl-NL","potentialAction":[{"@type":"ReadAction","target":["https:\/\/www.vs-advies.nl\/inspectie\/"]}]},{"@type":"BreadcrumbList","@id":"https:\/\/www.vs-advies.nl\/inspectie\/#breadcrumb","itemListElement":[{"@type":"ListItem","position":1,"name":"Home","item":"https:\/\/www.vs-advies.nl\/inspectie\/"},{"@type":"ListItem","position":2,"name":"Home"}]},{"@type":"WebSite","@id":"https:\/\/www.vs-advies.nl\/inspectie\/#website","url":"https:\/\/www.vs-advies.nl\/inspectie\/","name":"Van Santen Inspectie","description":"Een andere Van Santen Advies site","publisher":{"@id":"https:\/\/www.vs-advies.nl\/inspectie\/#organization"},"potentialAction":[{"@type":"SearchAction","target":{"@type":"EntryPoint","urlTemplate":"https:\/\/www.vs-advies.nl\/inspectie\/?s={search_term_string}"},"query-input":{"@type":"PropertyValueSpecification","valueRequired":true,"valueName":"search_term_string"}}],"inLanguage":"nl-NL"},{"@type":"Organization","@id":"https:\/\/www.vs-advies.nl\/inspectie\/#organization","name":"Van Santen Inspectie","url":"https:\/\/www.vs-advies.nl\/inspectie\/","logo":{"@type":"ImageObject","inLanguage":"nl-NL","@id":"https:\/\/www.vs-advies.nl\/inspectie\/#\/schema\/logo\/image\/","url":"https:\/\/www.vs-advies.nl\/inspectie\/wp-content\/uploads\/sites\/2\/2021\/02\/VSI_Logo-01PNG.png","contentUrl":"https:\/\/www.vs-advies.nl\/inspectie\/wp-content\/uploads\/sites\/2\/2021\/02\/VSI_Logo-01PNG.png","width":3950,"height":1292,"caption":"Van Santen Inspectie"},"image":{"@id":"https:\/\/www.vs-advies.nl\/inspectie\/#\/schema\/logo\/image\/"}}]}},"_links":{"self":[{"href":"https:\/\/www.vs-advies.nl\/inspectie\/wp-json\/wp\/v2\/pages\/7","targetHints":{"allow":["GET"]}}],"collection":[{"href":"https:\/\/www.vs-advies.nl\/inspectie\/wp-json\/wp\/v2\/pages"}],"about":[{"href":"https:\/\/www.vs-advies.nl\/inspectie\/wp-json\/wp\/v2\/types\/page"}],"author":[{"embeddable":true,"href":"https:\/\/www.vs-advies.nl\/inspectie\/wp-json\/wp\/v2\/users\/1"}],"replies":[{"embeddable":true,"href":"https:\/\/www.vs-advies.nl\/inspectie\/wp-json\/wp\/v2\/comments?post=7"}],"version-history":[{"count":23,"href":"https:\/\/www.vs-advies.nl\/inspectie\/wp-json\/wp\/v2\/pages\/7\/revisions"}],"predecessor-version":[{"id":2480,"href":"https:\/\/www.vs-advies.nl\/inspectie\/wp-json\/wp\/v2\/pages\/7\/revisions\/2480"}],"wp:attachment":[{"href":"https:\/\/www.vs-advies.nl\/inspectie\/wp-json\/wp\/v2\/media?parent=7"}],"curies":[{"name":"wp","href":"https:\/\/api.w.org\/{rel}","templated":true}]}}